{"id":2353,"date":"2024-07-02T13:03:08","date_gmt":"2024-07-02T16:03:08","guid":{"rendered":"https:\/\/hlospioneros.com.ar\/?page_id=2353"},"modified":"2025-02-04T15:00:25","modified_gmt":"2025-02-04T18:00:25","slug":"sky-2","status":"publish","type":"page","link":"https:\/\/hlospioneros.com.ar\/index.php\/sky-2\/","title":{"rendered":"Sky"},"content":{"rendered":"\t\t<div data-elementor-type=\"wp-page\" data-elementor-id=\"2353\" class=\"elementor elementor-2353\">\n\t\t\t\t\t\t\t\t\t<section class=\"elementor-section elementor-top-section elementor-element elementor-element-8b61de1 elementor-section-full_width elementor-section-height-default elementor-section-height-default\" data-id=\"8b61de1\" data-element_type=\"section\">\n\t\t\t\t\t\t<div class=\"elementor-container elementor-column-gap-default\">\n\t\t\t\t\t<div class=\"elementor-column elementor-col-100 elementor-top-column elementor-element elementor-element-1de9aec\" data-id=\"1de9aec\" data-element_type=\"column\">\n\t\t\t<div class=\"elementor-widget-wrap elementor-element-populated\">\n\t\t\t\t\t\t\t\t<div class=\"elementor-element elementor-element-75ff79c elementor-widget-mobile__width-initial elementor-widget elementor-widget-cs_title\" data-id=\"75ff79c\" data-element_type=\"widget\" data-widget_type=\"cs_title.default\">\n\t\t\t\t<div class=\"elementor-widget-container\">\n\t\t\t\n        <div class=\"cs-title-wrap text-center text-center-mobile\">\t            <div class=\"cs-title-text\">\n\t                <p><div id=\"metaslider-id-4021\" style=\"width: 100%; margin: 0 auto;\" class=\"ml-slider-3-90-1 metaslider metaslider-flex metaslider-4021 ml-slider ms-theme-default nav-hidden\" role=\"region\" aria-roledescription=\"Slideshow\" aria-label=\"Ski\">\n    <div id=\"metaslider_container_4021\">\n        <div id=\"metaslider_4021\">\n            <ul class='slides'>\n                <li style=\"display: block; width: 100%;\" class=\"slide-4022 ms-image \" aria-roledescription=\"slide\" aria-label=\"slide-4022\"><img decoding=\"async\" width=\"2560\" height=\"1152\" src=\"https:\/\/hlospioneros.com.ar\/wp-content\/uploads\/2025\/01\/slide-experiencias-2.jpg\" class=\"slider-4021 slide-4022\" alt=\"\" rel=\"\" title=\"slide-experiencias-2\" srcset=\"https:\/\/hlospioneros.com.ar\/wp-content\/uploads\/2025\/01\/slide-experiencias-2.jpg 2560w, https:\/\/hlospioneros.com.ar\/wp-content\/uploads\/2025\/01\/slide-experiencias-2-300x135.jpg 300w, https:\/\/hlospioneros.com.ar\/wp-content\/uploads\/2025\/01\/slide-experiencias-2-1024x461.jpg 1024w, https:\/\/hlospioneros.com.ar\/wp-content\/uploads\/2025\/01\/slide-experiencias-2-768x346.jpg 768w, https:\/\/hlospioneros.com.ar\/wp-content\/uploads\/2025\/01\/slide-experiencias-2-1536x691.jpg 1536w, https:\/\/hlospioneros.com.ar\/wp-content\/uploads\/2025\/01\/slide-experiencias-2-2048x922.jpg 2048w, https:\/\/hlospioneros.com.ar\/wp-content\/uploads\/2025\/01\/slide-experiencias-2-1920x864.jpg 1920w, https:\/\/hlospioneros.com.ar\/wp-content\/uploads\/2025\/01\/slide-experiencias-2-1440x648.jpg 1440w, https:\/\/hlospioneros.com.ar\/wp-content\/uploads\/2025\/01\/slide-experiencias-2-1200x540.jpg 1200w, https:\/\/hlospioneros.com.ar\/wp-content\/uploads\/2025\/01\/slide-experiencias-2-780x351.jpg 780w, https:\/\/hlospioneros.com.ar\/wp-content\/uploads\/2025\/01\/slide-experiencias-2-600x270.jpg 600w, https:\/\/hlospioneros.com.ar\/wp-content\/uploads\/2025\/01\/slide-experiencias-2-550x248.jpg 550w, https:\/\/hlospioneros.com.ar\/wp-content\/uploads\/2025\/01\/slide-experiencias-2-370x167.jpg 370w, https:\/\/hlospioneros.com.ar\/wp-content\/uploads\/2025\/01\/slide-experiencias-2-255x115.jpg 255w\" sizes=\"(max-width: 2560px) 100vw, 2560px\" \/><\/li>\n                <li style=\"display: none; width: 100%;\" class=\"slide-4023 ms-image \" aria-roledescription=\"slide\" aria-label=\"slide-4023\"><img decoding=\"async\" width=\"2560\" height=\"1152\" src=\"https:\/\/hlospioneros.com.ar\/wp-content\/uploads\/2025\/01\/slide-experiencias-3.jpg\" class=\"slider-4021 slide-4023\" alt=\"\" rel=\"\" title=\"slide-experiencias-3\" srcset=\"https:\/\/hlospioneros.com.ar\/wp-content\/uploads\/2025\/01\/slide-experiencias-3.jpg 2560w, https:\/\/hlospioneros.com.ar\/wp-content\/uploads\/2025\/01\/slide-experiencias-3-300x135.jpg 300w, https:\/\/hlospioneros.com.ar\/wp-content\/uploads\/2025\/01\/slide-experiencias-3-1024x461.jpg 1024w, https:\/\/hlospioneros.com.ar\/wp-content\/uploads\/2025\/01\/slide-experiencias-3-768x346.jpg 768w, https:\/\/hlospioneros.com.ar\/wp-content\/uploads\/2025\/01\/slide-experiencias-3-1536x691.jpg 1536w, https:\/\/hlospioneros.com.ar\/wp-content\/uploads\/2025\/01\/slide-experiencias-3-2048x922.jpg 2048w, https:\/\/hlospioneros.com.ar\/wp-content\/uploads\/2025\/01\/slide-experiencias-3-1920x864.jpg 1920w, https:\/\/hlospioneros.com.ar\/wp-content\/uploads\/2025\/01\/slide-experiencias-3-1440x648.jpg 1440w, https:\/\/hlospioneros.com.ar\/wp-content\/uploads\/2025\/01\/slide-experiencias-3-1200x540.jpg 1200w, https:\/\/hlospioneros.com.ar\/wp-content\/uploads\/2025\/01\/slide-experiencias-3-780x351.jpg 780w, https:\/\/hlospioneros.com.ar\/wp-content\/uploads\/2025\/01\/slide-experiencias-3-600x270.jpg 600w, https:\/\/hlospioneros.com.ar\/wp-content\/uploads\/2025\/01\/slide-experiencias-3-550x248.jpg 550w, https:\/\/hlospioneros.com.ar\/wp-content\/uploads\/2025\/01\/slide-experiencias-3-370x167.jpg 370w, https:\/\/hlospioneros.com.ar\/wp-content\/uploads\/2025\/01\/slide-experiencias-3-255x115.jpg 255w\" sizes=\"(max-width: 2560px) 100vw, 2560px\" \/><\/li>\n                <li style=\"display: none; width: 100%;\" class=\"slide-4024 ms-image \" aria-roledescription=\"slide\" aria-label=\"slide-4024\"><img decoding=\"async\" width=\"2560\" height=\"1152\" src=\"https:\/\/hlospioneros.com.ar\/wp-content\/uploads\/2025\/01\/slide-experiencias-4.jpg\" class=\"slider-4021 slide-4024\" alt=\"\" rel=\"\" title=\"slide-experiencias-4\" srcset=\"https:\/\/hlospioneros.com.ar\/wp-content\/uploads\/2025\/01\/slide-experiencias-4.jpg 2560w, https:\/\/hlospioneros.com.ar\/wp-content\/uploads\/2025\/01\/slide-experiencias-4-300x135.jpg 300w, https:\/\/hlospioneros.com.ar\/wp-content\/uploads\/2025\/01\/slide-experiencias-4-1024x461.jpg 1024w, https:\/\/hlospioneros.com.ar\/wp-content\/uploads\/2025\/01\/slide-experiencias-4-768x346.jpg 768w, https:\/\/hlospioneros.com.ar\/wp-content\/uploads\/2025\/01\/slide-experiencias-4-1536x691.jpg 1536w, https:\/\/hlospioneros.com.ar\/wp-content\/uploads\/2025\/01\/slide-experiencias-4-2048x922.jpg 2048w, https:\/\/hlospioneros.com.ar\/wp-content\/uploads\/2025\/01\/slide-experiencias-4-1920x864.jpg 1920w, https:\/\/hlospioneros.com.ar\/wp-content\/uploads\/2025\/01\/slide-experiencias-4-1440x648.jpg 1440w, https:\/\/hlospioneros.com.ar\/wp-content\/uploads\/2025\/01\/slide-experiencias-4-1200x540.jpg 1200w, https:\/\/hlospioneros.com.ar\/wp-content\/uploads\/2025\/01\/slide-experiencias-4-780x351.jpg 780w, https:\/\/hlospioneros.com.ar\/wp-content\/uploads\/2025\/01\/slide-experiencias-4-600x270.jpg 600w, https:\/\/hlospioneros.com.ar\/wp-content\/uploads\/2025\/01\/slide-experiencias-4-550x248.jpg 550w, https:\/\/hlospioneros.com.ar\/wp-content\/uploads\/2025\/01\/slide-experiencias-4-370x167.jpg 370w, https:\/\/hlospioneros.com.ar\/wp-content\/uploads\/2025\/01\/slide-experiencias-4-255x115.jpg 255w\" sizes=\"(max-width: 2560px) 100vw, 2560px\" \/><\/li>\n                <li style=\"display: none; width: 100%;\" class=\"slide-4025 ms-image \" aria-roledescription=\"slide\" aria-label=\"slide-4025\"><img decoding=\"async\" width=\"2560\" height=\"1152\" src=\"https:\/\/hlospioneros.com.ar\/wp-content\/uploads\/2025\/01\/slide-experiencias-1.jpg\" class=\"slider-4021 slide-4025\" alt=\"\" rel=\"\" title=\"slide-experiencias-1\" srcset=\"https:\/\/hlospioneros.com.ar\/wp-content\/uploads\/2025\/01\/slide-experiencias-1.jpg 2560w, https:\/\/hlospioneros.com.ar\/wp-content\/uploads\/2025\/01\/slide-experiencias-1-300x135.jpg 300w, https:\/\/hlospioneros.com.ar\/wp-content\/uploads\/2025\/01\/slide-experiencias-1-1024x461.jpg 1024w, https:\/\/hlospioneros.com.ar\/wp-content\/uploads\/2025\/01\/slide-experiencias-1-768x346.jpg 768w, https:\/\/hlospioneros.com.ar\/wp-content\/uploads\/2025\/01\/slide-experiencias-1-1536x691.jpg 1536w, https:\/\/hlospioneros.com.ar\/wp-content\/uploads\/2025\/01\/slide-experiencias-1-2048x922.jpg 2048w, https:\/\/hlospioneros.com.ar\/wp-content\/uploads\/2025\/01\/slide-experiencias-1-1920x864.jpg 1920w, https:\/\/hlospioneros.com.ar\/wp-content\/uploads\/2025\/01\/slide-experiencias-1-1440x648.jpg 1440w, https:\/\/hlospioneros.com.ar\/wp-content\/uploads\/2025\/01\/slide-experiencias-1-1200x540.jpg 1200w, https:\/\/hlospioneros.com.ar\/wp-content\/uploads\/2025\/01\/slide-experiencias-1-780x351.jpg 780w, https:\/\/hlospioneros.com.ar\/wp-content\/uploads\/2025\/01\/slide-experiencias-1-600x270.jpg 600w, https:\/\/hlospioneros.com.ar\/wp-content\/uploads\/2025\/01\/slide-experiencias-1-550x248.jpg 550w, https:\/\/hlospioneros.com.ar\/wp-content\/uploads\/2025\/01\/slide-experiencias-1-370x167.jpg 370w, https:\/\/hlospioneros.com.ar\/wp-content\/uploads\/2025\/01\/slide-experiencias-1-255x115.jpg 255w\" sizes=\"(max-width: 2560px) 100vw, 2560px\" \/><\/li>\n            <\/ul>\n        <\/div>\n        \n    <\/div>\n<\/div><\/p>\t            <\/div>        <\/div>\t\t<\/div>\n\t\t\t\t<\/div>\n\t\t\t\t\t<\/div>\n\t\t<\/div>\n\t\t\t\t\t\t\t<\/div>\n\t\t<\/section>\n\t\t<div class=\"elementor-element elementor-element-811c704 e-flex e-con-boxed e-con e-parent\" data-id=\"811c704\" data-element_type=\"container\" id=\"IDkayak\" data-settings=\"{&quot;content_width&quot;:&quot;boxed&quot;}\" data-core-v316-plus=\"true\">\n\t\t\t\t\t<div class=\"e-con-inner\">\n\t\t\t\t<div class=\"elementor-element elementor-element-274bcc9 elementor-widget elementor-widget-cs_title\" data-id=\"274bcc9\" data-element_type=\"widget\" data-widget_type=\"cs_title.default\">\n\t\t\t\t<div class=\"elementor-widget-container\">\n\t\t\t\n        <div class=\"cs-title-wrap text-center\">\t            <div class=\"cs-subtitle-wrap\"><span class=\"cs-subtitle\">Ski<\/span><\/div>\t            <h4 class=\"cs-title\">\n\t                Cerro Bayo, Centro de Ski\t            <\/h4>\t            <div class=\"cs-title-text\">\n\t                <p>Los medios de elevaci\u00f3n parten desde la base, hasta los 1500 mts, llegando la Telesilla S\u00e9xtuple, hasta la cumbre. Pueden observarse a partir de aqu\u00ed, esplendidas vistas panor\u00e1micas, que propician el marco para los deportes invernales que all\u00ed se desarrollan.<\/p>\t            <\/div>        <\/div>\t\t<\/div>\n\t\t\t\t<\/div>\n\t\t\t\t\t<\/div>\n\t\t\t\t<\/div>\n\t\t<div class=\"elementor-element elementor-element-3c40c5a e-flex e-con-boxed e-con e-parent\" data-id=\"3c40c5a\" data-element_type=\"container\" data-settings=\"{&quot;content_width&quot;:&quot;boxed&quot;}\" data-core-v316-plus=\"true\">\n\t\t\t\t\t<div class=\"e-con-inner\">\n\t\t\t\t<div class=\"elementor-element elementor-element-d723266 elementor-widget__width-auto elementor-widget elementor-widget-cs_gallery\" data-id=\"d723266\" data-element_type=\"widget\" data-widget_type=\"cs_gallery.default\">\n\t\t\t\t<div class=\"elementor-widget-container\">\n\t\t\t\n            <div class=\"cs-gallery gap-0 gallery-carousel\" data-column=\"1\" data-fade=\"off\" data-autoplay=\"off\" data-autoplay-speed=\"5000\" data-show-arrows=\"on\" data-show-dots=\"on\" data-variable-width=\"off\" data-overflow-style=\"\" data-center-mode=\"off\">\n                <div class=\"cs-gallery-wrap\">                    <div class=\"cs-gallery-item\"><img decoding=\"async\" src=\"https:\/\/hlospioneros.com.ar\/wp-content\/uploads\/elementor\/thumbs\/slider_007-qhv3njb1oe3326ovyiwjelarfxq4m85gdup5xnqdu0.jpg\" title=\"slider_007\" alt=\"slider_007\" loading=\"lazy\" \/>                    <\/div>                <\/div>\n            <\/div>\t\t<\/div>\n\t\t\t\t<\/div>\n\t\t\t\t\t<\/div>\n\t\t\t\t<\/div>\n\t\t\t\t\t\t\t<\/div>\n\t\t","protected":false},"excerpt":{"rendered":"<p>Ski Cerro Bayo, Centro de Ski Los medios de elevaci\u00f3n parten desde la base, hasta los 1500 mts, llegando la Telesilla S\u00e9xtuple, hasta la cumbre. Pueden observarse a partir de aqu\u00ed, esplendidas vistas panor\u00e1micas, que propician el marco para los deportes invernales que all\u00ed se desarrollan.<\/p>\n","protected":false},"author":1,"featured_media":0,"parent":0,"menu_order":0,"comment_status":"closed","ping_status":"closed","template":"template-fullwidth.php","meta":{"cozystay_single_page_hide_site_header":"","cozystay_single_page_site_header_source":"","cozystay_single_page_custom_site_header":"0","cozystay_single_page_custom_sticky_site_header":"0","cozystay_single_page_hide_page_title":"on","cozystay_single_page_header_section_size":"","cozystay_single_page_header_background_color":"","cozystay_single_page_header_background_position_x":"center","cozystay_single_page_header_background_position_y":"center","cozystay_single_page_header_background_size":"cover","cozystay_single_page_header_background_repeat":"off","cozystay_single_page_header_background_scroll":"on","cozystay_single_page_header_text_color":"","cozystay_single_page_header_show_breadcrumb":"","cozystay_single_page_site_footer_hide_main":"","cozystay_single_custom_site_footer_main_source":"","cozystay_single_custom_site_footer_main":"0","cozystay_single_page_site_footer_hide_above":"","cozystay_single_custom_site_footer_above_source":"","cozystay_single_custom_site_footer_above":"0","cozystay_single_page_site_footer_hide_instagram":"","cozystay_single_page_site_footer_hide_bottom":"","cozystay_single_custom_mobile_menu_source":"","cozystay_single_custom_mobile_menu":"0","cozystay_single_custom_mobile_menu_animation":"","cozystay_single_custom_mobile_menu_width":"","cozystay_single_custom_mobile_menu_custom_width":375,"footnotes":""},"class_list":["post-2353","page","type-page","status-publish","hentry"],"_links":{"self":[{"href":"https:\/\/hlospioneros.com.ar\/index.php\/wp-json\/wp\/v2\/pages\/2353","targetHints":{"allow":["GET"]}}],"collection":[{"href":"https:\/\/hlospioneros.com.ar\/index.php\/wp-json\/wp\/v2\/pages"}],"about":[{"href":"https:\/\/hlospioneros.com.ar\/index.php\/wp-json\/wp\/v2\/types\/page"}],"author":[{"embeddable":true,"href":"https:\/\/hlospioneros.com.ar\/index.php\/wp-json\/wp\/v2\/users\/1"}],"replies":[{"embeddable":true,"href":"https:\/\/hlospioneros.com.ar\/index.php\/wp-json\/wp\/v2\/comments?post=2353"}],"version-history":[{"count":23,"href":"https:\/\/hlospioneros.com.ar\/index.php\/wp-json\/wp\/v2\/pages\/2353\/revisions"}],"predecessor-version":[{"id":4028,"href":"https:\/\/hlospioneros.com.ar\/index.php\/wp-json\/wp\/v2\/pages\/2353\/revisions\/4028"}],"wp:attachment":[{"href":"https:\/\/hlospioneros.com.ar\/index.php\/wp-json\/wp\/v2\/media?parent=2353"}],"curies":[{"name":"wp","href":"https:\/\/api.w.org\/{rel}","templated":true}]}}